{"id":17990,"date":"2022-04-23T09:48:05","date_gmt":"2022-04-23T06:48:05","guid":{"rendered":"https:\/\/www.zumrearicanalicikus.com\/contact\/"},"modified":"2025-03-07T11:33:13","modified_gmt":"2025-03-07T08:33:13","slug":"contact-us","status":"publish","type":"page","link":"https:\/\/www.zumrearicanalicikus.com\/en\/contact-us\/","title":{"rendered":"Contact Us"},"content":{"rendered":"\t\t<div data-elementor-type=\"wp-page\" data-elementor-id=\"17990\" class=\"elementor elementor-17990 elementor-3625\">\n\t\t\t\t\t\t<section class=\"elementor-section elementor-top-section elementor-element elementor-element-ed7fdaa elementor-section-boxed elementor-section-height-default elementor-section-height-default\" data-id=\"ed7fdaa\" data-element_type=\"section\">\n\t\t\t\t\t\t<div class=\"elementor-container elementor-column-gap-default\">\n\t\t\t\t\t<div class=\"elementor-column elementor-col-50 elementor-top-column elementor-element elementor-element-6cc289c\" data-id=\"6cc289c\" data-element_type=\"column\">\n\t\t\t<div class=\"elementor-widget-wrap elementor-element-populated\">\n\t\t\t\t\t\t<div class=\"elementor-element elementor-element-7de4bf4 elementor-widget elementor-widget-heading\" data-id=\"7de4bf4\" data-element_type=\"widget\" data-widget_type=\"heading.default\">\n\t\t\t\t<div class=\"elementor-widget-container\">\n\t\t\t\t\t<h2 class=\"elementor-heading-title elementor-size-default\">E-MAil<\/h2>\t\t\t\t<\/div>\n\t\t\t\t<\/div>\n\t\t\t\t<div class=\"elementor-element elementor-element-2f1593e elementor-widget elementor-widget-heading\" data-id=\"2f1593e\" data-element_type=\"widget\" data-widget_type=\"heading.default\">\n\t\t\t\t<div class=\"elementor-widget-container\">\n\t\t\t\t\t<p class=\"elementor-heading-title elementor-size-default\">bilgi@zumrearicanalicikus.com<\/p>\t\t\t\t<\/div>\n\t\t\t\t<\/div>\n\t\t\t\t<div class=\"elementor-element elementor-element-437a4d3 elementor-widget elementor-widget-heading\" data-id=\"437a4d3\" data-element_type=\"widget\" data-widget_type=\"heading.default\">\n\t\t\t\t<div class=\"elementor-widget-container\">\n\t\t\t\t\t<h2 class=\"elementor-heading-title elementor-size-default\">Phone<\/h2>\t\t\t\t<\/div>\n\t\t\t\t<\/div>\n\t\t\t\t<div class=\"elementor-element elementor-element-41e9770 elementor-widget elementor-widget-heading\" data-id=\"41e9770\" data-element_type=\"widget\" data-widget_type=\"heading.default\">\n\t\t\t\t<div class=\"elementor-widget-container\">\n\t\t\t\t\t<p class=\"elementor-heading-title elementor-size-default\">0531 236 30 00   \n<br>\n0232 999 59 90 <\/p>\t\t\t\t<\/div>\n\t\t\t\t<\/div>\n\t\t\t\t<div class=\"elementor-element elementor-element-526b158 elementor-widget elementor-widget-heading\" data-id=\"526b158\" data-element_type=\"widget\" data-widget_type=\"heading.default\">\n\t\t\t\t<div class=\"elementor-widget-container\">\n\t\t\t\t\t<h2 class=\"elementor-heading-title elementor-size-default\">Address<\/h2>\t\t\t\t<\/div>\n\t\t\t\t<\/div>\n\t\t\t\t<div class=\"elementor-element elementor-element-4b886ca elementor-widget elementor-widget-heading\" data-id=\"4b886ca\" data-element_type=\"widget\" data-widget_type=\"heading.default\">\n\t\t\t\t<div class=\"elementor-widget-container\">\n\t\t\t\t\t<p class=\"elementor-heading-title elementor-size-default\"> Mansuro\u011flu Mah.288\/4Sk. No: 16 Park Office Kat:3 Ofis 26 Bayrakl\u0131, \u0130zmir\/T\u00dcRK\u0130YE<\/p>\t\t\t\t<\/div>\n\t\t\t\t<\/div>\n\t\t\t\t<div class=\"elementor-element elementor-element-b8efb44 elementor-widget elementor-widget-heading\" data-id=\"b8efb44\" data-element_type=\"widget\" data-widget_type=\"heading.default\">\n\t\t\t\t<div class=\"elementor-widget-container\">\n\t\t\t\t\t<h2 class=\"elementor-heading-title elementor-size-default\">Social Media<\/h2>\t\t\t\t<\/div>\n\t\t\t\t<\/div>\n\t\t\t\t<div class=\"elementor-element elementor-element-14f1c99 elementor-shape-circle elementor-grid-4 e-grid-align-left e-grid-align-tablet-center elementor-widget elementor-widget-social-icons\" data-id=\"14f1c99\" data-element_type=\"widget\" data-widget_type=\"social-icons.default\">\n\t\t\t\t<div class=\"elementor-widget-container\">\n\t\t\t\t\t\t\t<div class=\"elementor-social-icons-wrapper elementor-grid\" role=\"list\">\n\t\t\t\t\t\t\t<span class=\"elementor-grid-item\" role=\"listitem\">\n\t\t\t\t\t<a class=\"elementor-icon elementor-social-icon elementor-social-icon-instagram elementor-repeater-item-a0b5be1\" href=\"https:\/\/www.instagram.com\/prof.dr.zumrearicanalicikus\/\" target=\"_blank\">\n\t\t\t\t\t\t<span class=\"elementor-screen-only\">Instagram<\/span>\n\t\t\t\t\t\t<i aria-hidden=\"true\" class=\"fab fa-instagram\"><\/i>\t\t\t\t\t<\/a>\n\t\t\t\t<\/span>\n\t\t\t\t\t\t\t<span class=\"elementor-grid-item\" role=\"listitem\">\n\t\t\t\t\t<a class=\"elementor-icon elementor-social-icon elementor-social-icon-facebook-f elementor-repeater-item-faf51dd\" href=\"https:\/\/www.facebook.com\/prof.dr.zumrearicanalicikus\" target=\"_blank\">\n\t\t\t\t\t\t<span class=\"elementor-screen-only\">Facebook-f<\/span>\n\t\t\t\t\t\t<i aria-hidden=\"true\" class=\"fab fa-facebook-f\"><\/i>\t\t\t\t\t<\/a>\n\t\t\t\t<\/span>\n\t\t\t\t\t\t\t<span class=\"elementor-grid-item\" role=\"listitem\">\n\t\t\t\t\t<a class=\"elementor-icon elementor-social-icon elementor-social-icon-linkedin-in elementor-repeater-item-908e902\" href=\"https:\/\/www.linkedin.com\/company\/86852220\/\" target=\"_blank\">\n\t\t\t\t\t\t<span class=\"elementor-screen-only\">Linkedin-in<\/span>\n\t\t\t\t\t\t<i aria-hidden=\"true\" class=\"fab fa-linkedin-in\"><\/i>\t\t\t\t\t<\/a>\n\t\t\t\t<\/span>\n\t\t\t\t\t<\/div>\n\t\t\t\t\t\t<\/div>\n\t\t\t\t<\/div>\n\t\t\t\t\t<\/div>\n\t\t<\/div>\n\t\t\t\t<div class=\"elementor-column elementor-col-50 elementor-top-column elementor-element elementor-element-90640c2\" data-id=\"90640c2\" data-element_type=\"column\">\n\t\t\t<div class=\"elementor-widget-wrap elementor-element-populated\">\n\t\t\t\t\t\t<div class=\"elementor-element elementor-element-c037bcb textaria-magorment elementor-widget elementor-widget-shortcode\" data-id=\"c037bcb\" data-element_type=\"widget\" data-widget_type=\"shortcode.default\">\n\t\t\t\t<div class=\"elementor-widget-container\">\n\t\t\t\t\t\t\t<div class=\"elementor-shortcode\">\n<div class=\"wpcf7 no-js\" id=\"wpcf7-f815-o1\" lang=\"en-US\" dir=\"ltr\" data-wpcf7-id=\"815\">\n<div class=\"screen-reader-response\"><p role=\"status\" aria-live=\"polite\" aria-atomic=\"true\"><\/p> <ul><\/ul><\/div>\n<form action=\"\/en\/wp-json\/wp\/v2\/pages\/17990#wpcf7-f815-o1\" method=\"post\" class=\"wpcf7-form init\" aria-label=\"Contact form\" novalidate=\"novalidate\" data-status=\"init\">\n<fieldset class=\"hidden-fields-container\"><input type=\"hidden\" name=\"_wpcf7\" value=\"815\" \/><input type=\"hidden\" name=\"_wpcf7_version\" value=\"6.1.5\" \/><input type=\"hidden\" name=\"_wpcf7_locale\" value=\"en_US\" \/><input type=\"hidden\" name=\"_wpcf7_unit_tag\" value=\"wpcf7-f815-o1\" \/><input type=\"hidden\" name=\"_wpcf7_container_post\" value=\"0\" \/><input type=\"hidden\" name=\"_wpcf7_posted_data_hash\" value=\"\" \/>\n<\/fieldset>\n<div class=\"row form-select-mb-fix\">\n    <div class=\"col-12 col-md-6\">\n        <div class=\"inner-addon right-addon lable-form-all-color medinic-addon-icons\">\n            <i class=\"iconly-Profile icli\"><\/i><span class=\"wpcf7-form-control-wrap\" data-name=\"NameSurname\"><input size=\"40\" maxlength=\"400\" class=\"wpcf7-form-control wpcf7-text wpcf7-validates-as-required form-control lable-form-all\" aria-required=\"true\" aria-invalid=\"false\" placeholder=\"Ad &amp; Soyad\" value=\"\" type=\"text\" name=\"NameSurname\" \/><\/span>\n        <\/div>\n    <\/div>\n    <div class=\"col-12 col-md-6\">\n        <div class=\"inner-addon right-addon lable-form-all-color medinic-addon-icons\">\n            <i class=\"iconly-Calling icli\"><\/i><span class=\"wpcf7-form-control-wrap\" data-name=\"PhoneNo\"><input size=\"40\" maxlength=\"400\" class=\"wpcf7-form-control wpcf7-tel wpcf7-validates-as-required wpcf7-text wpcf7-validates-as-tel form-control lable-form-all\" aria-required=\"true\" aria-invalid=\"false\" placeholder=\"Telefon Numaran\u0131z\" value=\"\" type=\"tel\" name=\"PhoneNo\" \/><\/span>\n        <\/div>\n    <\/div>\n<\/div>\n<div class=\"row form-select-mb-fix\">\n    <div class=\"col-12\">\n        <div class=\"inner-addon right-addon lable-form-all-color medinic-addon-icons\">\n            <i class=\"iconly-Message icli\"><\/i><span class=\"wpcf7-form-control-wrap\" data-name=\"Email\"><input size=\"40\" maxlength=\"400\" class=\"wpcf7-form-control wpcf7-email wpcf7-validates-as-required wpcf7-text wpcf7-validates-as-email form-control lable-form-all\" aria-required=\"true\" aria-invalid=\"false\" placeholder=\"E-Posta Adresiniz\" value=\"\" type=\"email\" name=\"Email\" \/><\/span>\n        <\/div>\n    <\/div>\n<\/div>\n<div class=\"row rows-cols-1\">\n    <div class=\"col-12\">\n        <div class=\"inner-addon right-addon lable-form-all-color\">\n            <span class=\"wpcf7-form-control-wrap\" data-name=\"MessageTxt\"><textarea cols=\"40\" rows=\"10\" maxlength=\"2000\" class=\"wpcf7-form-control wpcf7-textarea wpcf7-validates-as-required\" aria-required=\"true\" aria-invalid=\"false\" placeholder=\"Mesaj\u0131n\u0131z\" name=\"MessageTxt\"><\/textarea><\/span>\n        <\/div>\n    <\/div>\n<\/div>\n<div class=\"medinik3-from-button\">\n    <input class=\"wpcf7-form-control wpcf7-submit has-spinner btn btn-primary\" type=\"submit\" value=\"G\u00f6nder\" \/>\n<\/div><div class=\"wpcf7-response-output\" aria-hidden=\"true\"><\/div>\n<\/form>\n<\/div>\n<\/div>\n\t\t\t\t\t\t<\/div>\n\t\t\t\t<\/div>\n\t\t\t\t\t<\/div>\n\t\t<\/div>\n\t\t\t\t\t<\/div>\n\t\t<\/section>\n\t\t\t\t<section class=\"elementor-section elementor-top-section elementor-element elementor-element-c0b3b43 elementor-section-boxed elementor-section-height-default elementor-section-height-default\" data-id=\"c0b3b43\" data-element_type=\"section\">\n\t\t\t\t\t\t<div class=\"elementor-container elementor-column-gap-default\">\n\t\t\t\t\t<div class=\"elementor-column elementor-col-100 elementor-top-column elementor-element elementor-element-6c232c6\" data-id=\"6c232c6\" data-element_type=\"column\">\n\t\t\t<div class=\"elementor-widget-wrap elementor-element-populated\">\n\t\t\t\t\t\t<div class=\"elementor-element elementor-element-28e3c55 elementor-widget elementor-widget-google_maps\" data-id=\"28e3c55\" data-element_type=\"widget\" data-widget_type=\"google_maps.default\">\n\t\t\t\t<div class=\"elementor-widget-container\">\n\t\t\t\t\t\t\t<div class=\"elementor-custom-embed\">\n\t\t\t<iframe loading=\"lazy\"\n\t\t\t\t\tsrc=\"https:\/\/maps.google.com\/maps?q=%20Prof.%20Dr.%20Z%C3%BCmre%20Ar%C4%B1can%20Al%C4%B1c%C4%B1ku%C5%9F&#038;t=m&#038;z=15&#038;output=embed&#038;iwloc=near\"\n\t\t\t\t\ttitle=\" Prof. Dr. Z\u00fcmre Ar\u0131can Al\u0131c\u0131ku\u015f\"\n\t\t\t\t\taria-label=\" Prof. Dr. Z\u00fcmre Ar\u0131can Al\u0131c\u0131ku\u015f\"\n\t\t\t><\/iframe>\n\t\t<\/div>\n\t\t\t\t\t\t<\/div>\n\t\t\t\t<\/div>\n\t\t\t\t\t<\/div>\n\t\t<\/div>\n\t\t\t\t\t<\/div>\n\t\t<\/section>\n\t\t\t\t<\/div>\n\t\t","protected":false},"excerpt":{"rendered":"<p>E-MAil bilgi@zumrearicanalicikus.com Phone 0531 236 30 00 0232 999 59 90 Address Mansuro\u011flu Mah.288\/4Sk. No: 16 Park Office Kat:3 Ofis 26 Bayrakl\u0131, \u0130zmir\/T\u00dcRK\u0130YE Social Media Instagram Facebook-f Linkedin-in<\/p>\n","protected":false},"author":1,"featured_media":0,"parent":0,"menu_order":0,"comment_status":"closed","ping_status":"closed","template":"elementor_theme","meta":{"inline_featured_image":false,"footnotes":""},"class_list":["post-17990","page","type-page","status-publish","hentry"],"acf":[],"_links":{"self":[{"href":"https:\/\/www.zumrearicanalicikus.com\/en\/wp-json\/wp\/v2\/pages\/17990","targetHints":{"allow":["GET"]}}],"collection":[{"href":"https:\/\/www.zumrearicanalicikus.com\/en\/wp-json\/wp\/v2\/pages"}],"about":[{"href":"https:\/\/www.zumrearicanalicikus.com\/en\/wp-json\/wp\/v2\/types\/page"}],"author":[{"embeddable":true,"href":"https:\/\/www.zumrearicanalicikus.com\/en\/wp-json\/wp\/v2\/users\/1"}],"replies":[{"embeddable":true,"href":"https:\/\/www.zumrearicanalicikus.com\/en\/wp-json\/wp\/v2\/comments?post=17990"}],"version-history":[{"count":5,"href":"https:\/\/www.zumrearicanalicikus.com\/en\/wp-json\/wp\/v2\/pages\/17990\/revisions"}],"predecessor-version":[{"id":17998,"href":"https:\/\/www.zumrearicanalicikus.com\/en\/wp-json\/wp\/v2\/pages\/17990\/revisions\/17998"}],"wp:attachment":[{"href":"https:\/\/www.zumrearicanalicikus.com\/en\/wp-json\/wp\/v2\/media?parent=17990"}],"curies":[{"name":"wp","href":"https:\/\/api.w.org\/{rel}","templated":true}]}}