{"id":18010,"date":"2023-02-27T06:18:04","date_gmt":"2023-02-27T03:18:04","guid":{"rendered":"https:\/\/www.zumrearicanalicikus.com\/urogenital-system-cancers\/"},"modified":"2025-03-07T11:28:49","modified_gmt":"2025-03-07T08:28:49","slug":"urogenital-system-cancers","status":"publish","type":"page","link":"https:\/\/www.zumrearicanalicikus.com\/en\/urogenital-system-cancers\/","title":{"rendered":"Urogenital System Cancers"},"content":{"rendered":"\t\t<div data-elementor-type=\"wp-page\" data-elementor-id=\"18010\" class=\"elementor elementor-18010 elementor-11183\">\n\t\t\t\t\t\t<section class=\"elementor-section elementor-top-section elementor-element elementor-element-0de8dc6 elementor-section-boxed elementor-section-height-default elementor-section-height-default\" data-id=\"0de8dc6\" data-element_type=\"section\">\n\t\t\t\t\t\t<div class=\"elementor-container elementor-column-gap-default\">\n\t\t\t\t\t<div class=\"elementor-column elementor-col-100 elementor-top-column elementor-element elementor-element-a5a0e03\" data-id=\"a5a0e03\" data-element_type=\"column\" data-settings=\"{&quot;background_background&quot;:&quot;classic&quot;}\">\n\t\t\t<div class=\"elementor-widget-wrap elementor-element-populated\">\n\t\t\t\t\t\t<div class=\"elementor-element elementor-element-937f936 elementor-widget elementor-widget-spacer\" data-id=\"937f936\" data-element_type=\"widget\" data-widget_type=\"spacer.default\">\n\t\t\t\t<div class=\"elementor-widget-container\">\n\t\t\t\t\t\t\t<div class=\"elementor-spacer\">\n\t\t\t<div class=\"elementor-spacer-inner\"><\/div>\n\t\t<\/div>\n\t\t\t\t\t\t<\/div>\n\t\t\t\t<\/div>\n\t\t\t\t\t<\/div>\n\t\t<\/div>\n\t\t\t\t\t<\/div>\n\t\t<\/section>\n\t\t\t\t<section class=\"elementor-section elementor-top-section elementor-element elementor-element-17baf4a elementor-section-boxed elementor-section-height-default elementor-section-height-default\" data-id=\"17baf4a\" data-element_type=\"section\">\n\t\t\t\t\t\t<div class=\"elementor-container elementor-column-gap-default\">\n\t\t\t\t\t<div class=\"elementor-column elementor-col-100 elementor-top-column elementor-element elementor-element-98ad8e4\" data-id=\"98ad8e4\" data-element_type=\"column\">\n\t\t\t<div class=\"elementor-widget-wrap elementor-element-populated\">\n\t\t\t\t\t\t<div class=\"elementor-element elementor-element-d7a72a8 elementor-widget elementor-widget-heading\" data-id=\"d7a72a8\" data-element_type=\"widget\" data-widget_type=\"heading.default\">\n\t\t\t\t<div class=\"elementor-widget-container\">\n\t\t\t\t\t<p class=\"elementor-heading-title elementor-size-default\">Urogenital System Cancers<\/p>\t\t\t\t<\/div>\n\t\t\t\t<\/div>\n\t\t\t\t<div class=\"elementor-element elementor-element-311b89d elementor-invisible elementor-widget elementor-widget-text-editor\" data-id=\"311b89d\" data-element_type=\"widget\" data-settings=\"{&quot;_animation&quot;:&quot;slideInUp&quot;}\" data-widget_type=\"text-editor.default\">\n\t\t\t\t<div class=\"elementor-widget-container\">\n\t\t\t\t\t\t\t\t\t<p>The system that encompasses the organs in the urinary and reproductive systems is called the &#8220;Urogenital System.&#8221; The male and female genital organs are the main components of this system.<\/p><p>Urogenital system cancers are cancers that occur in both men and women. They arise due to disturbances in the reproductive organs. Prostate cancer, bladder cancer, and kidney tumors are categorized as urogenital system cancers.<\/p><p><strong>The Most Common Symptoms of Urogenital System Cancers in Men:<\/strong><\/p><ul><li>Presence of blood in urine<\/li><li>Pain in the lower back, abdomen, and groin<\/li><li>Pain, burning, or discomfort while urinating, urinary obstruction<\/li><li>Frequent urge to urinate<\/li><li>Pain in the neck and back<\/li><li>Erectile dysfunction<\/li><li>Painless swelling or palpable lumps in the testicles<\/li><li>Bowel issues<\/li><\/ul><p><strong>The Most Common Symptoms of Urogenital System Cancers in Women:<\/strong><\/p><ul><li>Presence of blood in urine<\/li><li>Pain in the lower back, abdomen, and groin<\/li><li>Pain, burning, or discomfort while urinating, urinary obstruction<\/li><\/ul>\t\t\t\t\t\t\t\t<\/div>\n\t\t\t\t<\/div>\n\t\t\t\t\t<\/div>\n\t\t<\/div>\n\t\t\t\t\t<\/div>\n\t\t<\/section>\n\t\t\t\t<\/div>\n\t\t","protected":false},"excerpt":{"rendered":"<p>\u00dcrogenital Sistem Kanserleri \u00dcriner ve \u00fcreme sistemleri i\u00e7erisindeki organlar\u0131 kapsayan sisteme, \u201c\u00dcrogenital Sistem\u201d ad\u0131 verilmektedir. Kad\u0131n ve erkek genital organlar\u0131 bu sistemin ana par\u00e7alar\u0131ndand\u0131r. \u00dcrogenital sistem kanserleri hem erkeklerde hem de kad\u0131nlarda g\u00f6r\u00fclen bir kanser t\u00fcr\u00fcd\u00fcr. \u00dcreme organlar\u0131nda meydana gelen rahats\u0131zl\u0131klar nedeniyle ortaya \u00e7\u0131kmaktad\u0131r. Prostat kanseri, mesane kanseri ve b\u00f6brek t\u00fcm\u00f6rleri \u00fcrogenital sistem kanserleri kategorisinde [&hellip;]<\/p>\n","protected":false},"author":1,"featured_media":0,"parent":0,"menu_order":0,"comment_status":"closed","ping_status":"closed","template":"","meta":{"inline_featured_image":false,"footnotes":""},"class_list":["post-18010","page","type-page","status-publish","hentry"],"acf":[],"_links":{"self":[{"href":"https:\/\/www.zumrearicanalicikus.com\/en\/wp-json\/wp\/v2\/pages\/18010","targetHints":{"allow":["GET"]}}],"collection":[{"href":"https:\/\/www.zumrearicanalicikus.com\/en\/wp-json\/wp\/v2\/pages"}],"about":[{"href":"https:\/\/www.zumrearicanalicikus.com\/en\/wp-json\/wp\/v2\/types\/page"}],"author":[{"embeddable":true,"href":"https:\/\/www.zumrearicanalicikus.com\/en\/wp-json\/wp\/v2\/users\/1"}],"replies":[{"embeddable":true,"href":"https:\/\/www.zumrearicanalicikus.com\/en\/wp-json\/wp\/v2\/comments?post=18010"}],"version-history":[{"count":5,"href":"https:\/\/www.zumrearicanalicikus.com\/en\/wp-json\/wp\/v2\/pages\/18010\/revisions"}],"predecessor-version":[{"id":18015,"href":"https:\/\/www.zumrearicanalicikus.com\/en\/wp-json\/wp\/v2\/pages\/18010\/revisions\/18015"}],"wp:attachment":[{"href":"https:\/\/www.zumrearicanalicikus.com\/en\/wp-json\/wp\/v2\/media?parent=18010"}],"curies":[{"name":"wp","href":"https:\/\/api.w.org\/{rel}","templated":true}]}}